{"id":6904,"date":"2025-06-30T10:20:04","date_gmt":"2025-06-30T10:20:04","guid":{"rendered":"https:\/\/2morrow.com.tr\/?post_type=product&#038;p=6904"},"modified":"2025-07-14T14:13:51","modified_gmt":"2025-07-14T14:13:51","slug":"2morrow-oversize-gomlek-2","status":"publish","type":"product","link":"https:\/\/2morrow.com.tr\/en\/product\/2morrow-oversize-gomlek-2\/","title":{"rendered":"2MORROW Oversize Shirt - 2"},"content":{"rendered":"<p><strong>The Most Stylish Comfort<\/strong><br \/>\nAt the point where comfort meets style, this unique Oversized Shirt comes into play. This piece will be your best friend when you want to look stylish without compromising your comfort in the tempo of daily life. Its loose and spacious cut that makes you forget the restrictiveness of standard patterns offers you unparalleled comfort. With its breathable, skin-friendly fabric, this Oversize Shirt will not let you down even on your busiest days. This is not only a comfortable shirt, but also a modern and minimalist style statement. The dropped shoulder detail and draped structure add a touch of sophistication to even the simplest of outfits. With this Oversize Shirt, you will always feel well-groomed and stylish, whether you are relaxing at home or meeting friends out and about. Redefine your comfort zone with this piece that offers the key to effortless elegance.<\/p>","protected":false},"excerpt":{"rendered":"<p>Konforun En \u015e\u0131k Hali Konforun stil ile bulu\u015ftu\u011fu noktada, bu e\u015fsiz Oversize G\u00f6mlek devreye giriyor. G\u00fcnl\u00fck hayat\u0131n temposunda rahatl\u0131\u011f\u0131n\u0131zdan \u00f6d\u00fcn vermeden \u015f\u0131k g\u00f6r\u00fcnmek istedi\u011finizde, bu par\u00e7a en yak\u0131n dostunuz olacak. Standart kal\u0131plar\u0131n k\u0131s\u0131tlay\u0131c\u0131l\u0131\u011f\u0131n\u0131 unutturan bol ve ferah kesimi, size benzersiz bir rahatl\u0131k sunar. Nefes alabilen, cilde dost kuma\u015f\u0131yla bu Oversize G\u00f6mlek, en yo\u011fun g\u00fcnlerinizde bile [&hellip;]<\/p>","protected":false},"featured_media":6905,"comment_status":"open","ping_status":"closed","template":"","meta":[],"product_brand":[352],"product_cat":[354],"product_tag":[],"class_list":{"0":"post-6904","1":"product","2":"type-product","3":"status-publish","4":"has-post-thumbnail","6":"product_brand-2morrow","7":"product_cat-oversize-gomlek","9":"first","10":"instock","11":"shipping-taxable","12":"product-type-simple","13":"add-to-wishlist-after_add_to_cart"},"_links":{"self":[{"href":"https:\/\/2morrow.com.tr\/en\/wp-json\/wp\/v2\/product\/6904","targetHints":{"allow":["GET"]}}],"collection":[{"href":"https:\/\/2morrow.com.tr\/en\/wp-json\/wp\/v2\/product"}],"about":[{"href":"https:\/\/2morrow.com.tr\/en\/wp-json\/wp\/v2\/types\/product"}],"replies":[{"embeddable":true,"href":"https:\/\/2morrow.com.tr\/en\/wp-json\/wp\/v2\/comments?post=6904"}],"wp:featuredmedia":[{"embeddable":true,"href":"https:\/\/2morrow.com.tr\/en\/wp-json\/wp\/v2\/media\/6905"}],"wp:attachment":[{"href":"https:\/\/2morrow.com.tr\/en\/wp-json\/wp\/v2\/media?parent=6904"}],"wp:term":[{"taxonomy":"product_brand","embeddable":true,"href":"https:\/\/2morrow.com.tr\/en\/wp-json\/wp\/v2\/product_brand?post=6904"},{"taxonomy":"product_cat","embeddable":true,"href":"https:\/\/2morrow.com.tr\/en\/wp-json\/wp\/v2\/product_cat?post=6904"},{"taxonomy":"product_tag","embeddable":true,"href":"https:\/\/2morrow.com.tr\/en\/wp-json\/wp\/v2\/product_tag?post=6904"}],"curies":[{"name":"wp","href":"https:\/\/api.w.org\/{rel}","templated":true}]}}