{"id":7005,"date":"2025-06-30T11:24:46","date_gmt":"2025-06-30T11:24:46","guid":{"rendered":"https:\/\/2morrow.com.tr\/?post_type=product&#038;p=7005"},"modified":"2025-07-14T13:51:34","modified_gmt":"2025-07-14T13:51:34","slug":"2morrow-oversize-gomlek-16","status":"publish","type":"product","link":"https:\/\/2morrow.com.tr\/en\/product\/2morrow-oversize-gomlek-16\/","title":{"rendered":"2MORROW Oversize Shirt - 16"},"content":{"rendered":"<p><strong>A Stylish Stance<\/strong><br \/>\nDesigned for those who see fashion as a form of expression and are not afraid to think outside the box, this bold Oversize Shirt offers the perfect opportunity to reflect your character. This piece is much more than an ordinary garment; it is the symbol of a confident and modern stance. With its wide cut and clean lines, this Oversized Shirt will take you one step ahead in the style game. You can use it like a work of art, layering it with different textures and colors, enriching it with accessories and giving it a completely different identity every time. This shirt is especially ideal for those looking for a minimalist yet effective look. You can keep your style fresh by creating countless different combinations with this single Oversize Shirt that you will add to your wardrobe. Make a difference and turn heads with this signature piece.<\/p>","protected":false},"excerpt":{"rendered":"<p>Stil Sahibi Bir Duru\u015f Moday\u0131 bir ifade bi\u00e7imi olarak g\u00f6ren ve kal\u0131plar\u0131n d\u0131\u015f\u0131na \u00e7\u0131kmaktan \u00e7ekinmeyenler i\u00e7in tasarlanan bu cesur Oversize G\u00f6mlek, karakterinizi yans\u0131tman\u0131z i\u00e7in m\u00fckemmel bir f\u0131rsat sunuyor. Bu par\u00e7a, s\u0131radan bir giysiden \u00e7ok daha fazlas\u0131; \u00f6zg\u00fcvenli ve modern bir duru\u015fun simgesidir. Geni\u015f kesimi ve net hatlar\u0131yla dikkat \u00e7eken bu Oversize G\u00f6mlek, stil oyununda sizi [&hellip;]<\/p>","protected":false},"featured_media":6948,"comment_status":"open","ping_status":"closed","template":"","meta":[],"product_brand":[352],"product_cat":[354],"product_tag":[],"class_list":{"0":"post-7005","1":"product","2":"type-product","3":"status-publish","4":"has-post-thumbnail","6":"product_brand-2morrow","7":"product_cat-oversize-gomlek","9":"first","10":"instock","11":"shipping-taxable","12":"product-type-simple","13":"add-to-wishlist-after_add_to_cart"},"_links":{"self":[{"href":"https:\/\/2morrow.com.tr\/en\/wp-json\/wp\/v2\/product\/7005","targetHints":{"allow":["GET"]}}],"collection":[{"href":"https:\/\/2morrow.com.tr\/en\/wp-json\/wp\/v2\/product"}],"about":[{"href":"https:\/\/2morrow.com.tr\/en\/wp-json\/wp\/v2\/types\/product"}],"replies":[{"embeddable":true,"href":"https:\/\/2morrow.com.tr\/en\/wp-json\/wp\/v2\/comments?post=7005"}],"wp:featuredmedia":[{"embeddable":true,"href":"https:\/\/2morrow.com.tr\/en\/wp-json\/wp\/v2\/media\/6948"}],"wp:attachment":[{"href":"https:\/\/2morrow.com.tr\/en\/wp-json\/wp\/v2\/media?parent=7005"}],"wp:term":[{"taxonomy":"product_brand","embeddable":true,"href":"https:\/\/2morrow.com.tr\/en\/wp-json\/wp\/v2\/product_brand?post=7005"},{"taxonomy":"product_cat","embeddable":true,"href":"https:\/\/2morrow.com.tr\/en\/wp-json\/wp\/v2\/product_cat?post=7005"},{"taxonomy":"product_tag","embeddable":true,"href":"https:\/\/2morrow.com.tr\/en\/wp-json\/wp\/v2\/product_tag?post=7005"}],"curies":[{"name":"wp","href":"https:\/\/api.w.org\/{rel}","templated":true}]}}