{"id":7007,"date":"2025-06-30T11:26:57","date_gmt":"2025-06-30T11:26:57","guid":{"rendered":"https:\/\/2morrow.com.tr\/?post_type=product&#038;p=7007"},"modified":"2025-07-14T13:50:34","modified_gmt":"2025-07-14T13:50:34","slug":"2morrow-oversize-gomlek-18","status":"publish","type":"product","link":"https:\/\/2morrow.com.tr\/en\/product\/2morrow-oversize-gomlek-18\/","title":{"rendered":"2MORROW Oversize Shirt - 18"},"content":{"rendered":"<p><strong>The Timeless Joker of the Wardrobe<\/strong><br \/>\nThe cornerstone of a stylish wardrobe are pieces that adapt to every occasion and offer effortless elegance. Here is our modern and versatile Oversize Shirt model, which is the exact definition of this definition. This piece brings comfort and trends together by reinterpreting the classic shirt concept. Thanks to its high quality, draped fabric, this Oversize Shirt flows on you and offers you freshness and freedom of movement all day long. Wear it with a belt as a standalone dress or layer it over a favorite t-shirt for a layered style. This specially designed Oversize Shirt is like a style canvas without boundaries; how you interpret it is entirely up to your creativity. This wildcard piece, which goes perfectly with every piece from jeans to fabric skirts, is a candidate to be the most valuable investment of your wardrobe.<\/p>","protected":false},"excerpt":{"rendered":"<p>Gard\u0131robun Zamans\u0131z Jokeri Stil sahibi bir gard\u0131robun temel ta\u015f\u0131, her duruma uyum sa\u011flayan ve zahmetsiz bir \u015f\u0131kl\u0131k sunan par\u00e7alard\u0131r. \u0130\u015fte kar\u015f\u0131n\u0131zda bu tan\u0131m\u0131n tam kar\u015f\u0131l\u0131\u011f\u0131 olan, modern ve \u00e7ok y\u00f6nl\u00fc Oversize G\u00f6mlek modelimiz. Bu par\u00e7a, klasik g\u00f6mlek anlay\u0131\u015f\u0131n\u0131 yeniden yorumlayarak konforu ve trendleri bir araya getiriyor. Y\u00fcksek kaliteli, d\u00f6k\u00fcml\u00fc kuma\u015f\u0131 sayesinde \u00fczerinizde adeta ak\u0131p giden [&hellip;]<\/p>","protected":false},"featured_media":6955,"comment_status":"open","ping_status":"closed","template":"","meta":[],"product_brand":[352],"product_cat":[354],"product_tag":[],"class_list":{"0":"post-7007","1":"product","2":"type-product","3":"status-publish","4":"has-post-thumbnail","6":"product_brand-2morrow","7":"product_cat-oversize-gomlek","9":"first","10":"instock","11":"shipping-taxable","12":"product-type-simple","13":"add-to-wishlist-after_add_to_cart"},"_links":{"self":[{"href":"https:\/\/2morrow.com.tr\/en\/wp-json\/wp\/v2\/product\/7007","targetHints":{"allow":["GET"]}}],"collection":[{"href":"https:\/\/2morrow.com.tr\/en\/wp-json\/wp\/v2\/product"}],"about":[{"href":"https:\/\/2morrow.com.tr\/en\/wp-json\/wp\/v2\/types\/product"}],"replies":[{"embeddable":true,"href":"https:\/\/2morrow.com.tr\/en\/wp-json\/wp\/v2\/comments?post=7007"}],"wp:featuredmedia":[{"embeddable":true,"href":"https:\/\/2morrow.com.tr\/en\/wp-json\/wp\/v2\/media\/6955"}],"wp:attachment":[{"href":"https:\/\/2morrow.com.tr\/en\/wp-json\/wp\/v2\/media?parent=7007"}],"wp:term":[{"taxonomy":"product_brand","embeddable":true,"href":"https:\/\/2morrow.com.tr\/en\/wp-json\/wp\/v2\/product_brand?post=7007"},{"taxonomy":"product_cat","embeddable":true,"href":"https:\/\/2morrow.com.tr\/en\/wp-json\/wp\/v2\/product_cat?post=7007"},{"taxonomy":"product_tag","embeddable":true,"href":"https:\/\/2morrow.com.tr\/en\/wp-json\/wp\/v2\/product_tag?post=7007"}],"curies":[{"name":"wp","href":"https:\/\/api.w.org\/{rel}","templated":true}]}}